{"id":1459,"date":"2022-03-04T09:07:26","date_gmt":"2022-03-04T08:07:26","guid":{"rendered":"https:\/\/auto-obermann.com\/word\/?page_id=1459"},"modified":"2026-01-10T13:18:28","modified_gmt":"2026-01-10T12:18:28","slug":"erfahrung","status":"publish","type":"page","link":"https:\/\/auto-obermann.com\/word\/erfahrung\/","title":{"rendered":"Erfahrung"},"content":{"rendered":"<\/div><\/div><\/div><!-- close content main div --><\/div><\/div><div id='full_slider_1' class='avia-fullwidth-slider main_color avia-shadow   container_wrap sidebar_right'   ><div  data-size='featured_large'  data-lightbox_size='large'  data-animation='fade'  data-conditional_play=''  data-ids='1305,1785,1590,1591,1592,1593,1594,1595,1596,1752,1750,1599,1600,1601,1602,1603'  data-video_counter='0'  data-autoplay='true'  data-bg_slider='false'  data-slide_height=''  data-handle='av_slideshow_full'  data-interval='5'  data-class=' '  data-css_id=''  data-scroll_down=''  data-control_layout='av-control-minimal'  data-custom_markup=''  data-perma_caption=''  data-autoplay_stopper=''  data-image_attachment=''  data-min_height='0px'  data-src=''  data-position='top left'  data-repeat='no-repeat'  data-attach='scroll'  data-stretch=''  data-default-height='42'  class='avia-slideshow avia-slideshow-1  av-control-minimal av-default-height-applied avia-slideshow-featured_large av_slideshow_full   avia-fade-slider '  itemprop=\"ImageObject\" itemscope=\"itemscope\" itemtype=\"https:\/\/schema.org\/ImageObject\" ><ul class='avia-slideshow-inner ' style='padding-bottom: 15%;' ><li  class=' slide-1 ' ><div data-rel='slideshow-1' class='avia-slide-wrap '   ><div class = \"caption_fullwidth av-slideshow-caption caption_center\"><div class = \"container caption_container\"><div class = \"slideshow_caption\"><div class = \"slideshow_inner_caption\"><div class = \"slideshow_align_caption\"><h2  style='font-size:40px; ' class='avia-caption-title '  itemprop=\"name\" >WILLKOMMEN<br \/>\nBEI AUTO-OBERMANN GmbH<\/h2><\/div><\/div><\/div><\/div><\/div><img src='https:\/\/auto-obermann.com\/word\/wp-content\/uploads\/2022\/01\/auto30.1_JU.jpg' width='1200' height='180' title='auto30.1_JU' alt=''  itemprop=\"thumbnailUrl\"   \/><div class='av-section-color-overlay' style='opacity: 0.2; background-color: #0a0a0a; '><\/div><\/div><\/li><li  class=' slide-2 ' ><div data-rel='slideshow-1' class='avia-slide-wrap '   ><img src='https:\/\/auto-obermann.com\/word\/wp-content\/uploads\/2023\/01\/auto2.1.jpg' width='1200' height='180' title='auto2.1' alt=''  itemprop=\"thumbnailUrl\"   \/><\/div><\/li><li  class=' slide-3 ' ><div data-rel='slideshow-1' class='avia-slide-wrap '   ><img src='https:\/\/auto-obermann.com\/word\/wp-content\/uploads\/2022\/03\/index-2.php_.jpeg' width='1200' height='180' title='index-2.php' alt=''  itemprop=\"thumbnailUrl\"   \/><\/div><\/li><li  class=' slide-4 ' ><div data-rel='slideshow-1' class='avia-slide-wrap '   ><img src='https:\/\/auto-obermann.com\/word\/wp-content\/uploads\/2022\/03\/index-3.php_.jpeg' width='1200' height='180' title='index-3.php' alt=''  itemprop=\"thumbnailUrl\"   \/><\/div><\/li><li  class=' slide-5 ' ><div data-rel='slideshow-1' class='avia-slide-wrap '   ><img src='https:\/\/auto-obermann.com\/word\/wp-content\/uploads\/2022\/03\/index-4.php_.jpeg' width='1200' height='180' title='index-4.php' alt=''  itemprop=\"thumbnailUrl\"   \/><\/div><\/li><li  class=' slide-6 ' ><div data-rel='slideshow-1' class='avia-slide-wrap '   ><img src='https:\/\/auto-obermann.com\/word\/wp-content\/uploads\/2022\/03\/index-5.php_.jpeg' width='1200' height='180' title='index-5.php' alt=''  itemprop=\"thumbnailUrl\"   \/><\/div><\/li><li  class=' slide-7 ' ><div data-rel='slideshow-1' class='avia-slide-wrap '   ><img src='https:\/\/auto-obermann.com\/word\/wp-content\/uploads\/2022\/03\/index-6.php_.jpeg' width='1200' height='180' title='index-6.php' alt=''  itemprop=\"thumbnailUrl\"   \/><\/div><\/li><li  class=' slide-8 ' ><div data-rel='slideshow-1' class='avia-slide-wrap '   ><img src='https:\/\/auto-obermann.com\/word\/wp-content\/uploads\/2022\/03\/index-7.php_.jpeg' width='1200' height='180' title='index-7.php' alt=''  itemprop=\"thumbnailUrl\"   \/><\/div><\/li><li  class=' slide-9 ' ><div data-rel='slideshow-1' class='avia-slide-wrap '   ><img src='https:\/\/auto-obermann.com\/word\/wp-content\/uploads\/2022\/03\/index-8.php_.jpeg' width='1200' height='180' title='index-8.php' alt=''  itemprop=\"thumbnailUrl\"   \/><\/div><\/li><li  class=' slide-10 ' ><div data-rel='slideshow-1' class='avia-slide-wrap '   ><img src='https:\/\/auto-obermann.com\/word\/wp-content\/uploads\/2023\/01\/auto40.jpg' width='1200' height='180' title='auto40' alt=''  itemprop=\"thumbnailUrl\"   \/><\/div><\/li><li  class=' slide-11 ' ><div data-rel='slideshow-1' class='avia-slide-wrap '   ><img src='https:\/\/auto-obermann.com\/word\/wp-content\/uploads\/2023\/01\/auto30.jpg' width='1200' height='180' title='auto30' alt=''  itemprop=\"thumbnailUrl\"   \/><\/div><\/li><li  class=' slide-12 ' ><div data-rel='slideshow-1' class='avia-slide-wrap '   ><img src='https:\/\/auto-obermann.com\/word\/wp-content\/uploads\/2022\/03\/index-11.php_.jpeg' width='1200' height='180' title='index-11.php' alt=''  itemprop=\"thumbnailUrl\"   \/><\/div><\/li><li  class=' slide-13 ' ><div data-rel='slideshow-1' class='avia-slide-wrap '   ><img src='https:\/\/auto-obermann.com\/word\/wp-content\/uploads\/2022\/03\/index-12.php_.jpeg' width='1200' height='180' title='index-12.php' alt=''  itemprop=\"thumbnailUrl\"   \/><\/div><\/li><li  class=' slide-14 ' ><div data-rel='slideshow-1' class='avia-slide-wrap '   ><img src='https:\/\/auto-obermann.com\/word\/wp-content\/uploads\/2022\/03\/index-13.php_.jpeg' width='1200' height='180' title='index-13.php' alt=''  itemprop=\"thumbnailUrl\"   \/><\/div><\/li><li  class=' slide-15 ' ><div data-rel='slideshow-1' class='avia-slide-wrap '   ><img src='https:\/\/auto-obermann.com\/word\/wp-content\/uploads\/2022\/03\/index-14.php_.jpeg' width='1200' height='180' title='index-14.php' alt=''  itemprop=\"thumbnailUrl\"   \/><\/div><\/li><li  class=' slide-16 ' ><div data-rel='slideshow-1' class='avia-slide-wrap '   ><img src='https:\/\/auto-obermann.com\/word\/wp-content\/uploads\/2022\/03\/index.php_.jpeg' width='1200' height='180' title='index.php' alt=''  itemprop=\"thumbnailUrl\"   \/><\/div><\/li><\/ul><div class='avia-slideshow-arrows avia-slideshow-controls'><a href='#prev' class='prev-slide' aria-hidden='true' data-av_icon='\ue87c' data-av_iconfont='entypo-fontello'>Zur\u00fcck<\/a><a href='#next' class='next-slide' aria-hidden='true' data-av_icon='\ue87d' data-av_iconfont='entypo-fontello'>Weiter<\/a><\/div><div class='avia-slideshow-dots avia-slideshow-controls'><a href='#1' class='goto-slide active' >1<\/a><a href='#2' class='goto-slide ' >2<\/a><a href='#3' class='goto-slide ' >3<\/a><a href='#4' class='goto-slide ' >4<\/a><a href='#5' class='goto-slide ' >5<\/a><a href='#6' class='goto-slide ' >6<\/a><a href='#7' class='goto-slide ' >7<\/a><a href='#8' class='goto-slide ' >8<\/a><a href='#9' class='goto-slide ' >9<\/a><a href='#10' class='goto-slide ' >10<\/a><a href='#11' class='goto-slide ' >11<\/a><a href='#12' class='goto-slide ' >12<\/a><a href='#13' class='goto-slide ' >13<\/a><a href='#14' class='goto-slide ' >14<\/a><a href='#15' class='goto-slide ' >15<\/a><a href='#16' class='goto-slide ' >16<\/a><\/div><\/div><\/div>\n<\/div><\/div><\/div><!-- close content main div --><\/div><\/div><div id='av_section_1' class='avia-section main_color avia-section-default avia-no-border-styling avia-bg-style-scroll   container_wrap sidebar_right' style = 'background-repeat: no-repeat; background-image: url(https:\/\/auto-obermann.com\/word\/wp-content\/uploads\/2016\/05\/hintergrund3b.jpg);background-attachment: scroll; background-position: center center; ' data-section-bg-repeat='no-repeat' ><div class='container' ><div class='template-page content  av-content-small alpha units'><div class='post-entry post-entry-type-page post-entry-1459'><div class='entry-content-wrapper clearfix'>\n<div class=\"flex_column av_two_third  flex_column_div av-zero-column-padding first  \" style='border-radius:0px; '><p><div style='padding-bottom:0px; ' class='av-special-heading av-special-heading-h2     '><h2 class='av-special-heading-tag '  itemprop=\"headline\"  >Erfahrung macht erfolgreich<\/h2><div class='special-heading-border'><div class='special-heading-inner-border' ><\/div><\/div><\/div><br \/>\n<section class=\"av_textblock_section \"  itemscope=\"itemscope\" itemtype=\"https:\/\/schema.org\/CreativeWork\" ><div class='avia_textblock  '   itemprop=\"text\" ><p>Vom Chassis bis zum Aufbau: Auch im Fahrzeugbau sind wir Ihr kompetenter und praxiserprobter Partner. Vor allem im Bereich von Autotransporten verf\u00fcgen wir \u00fcber umfangreiches Knowhow. Wir sind auf die Fertigung ma\u00dfgeschneiderter Konstruktionen und von Sonderfahrzeugen spezialisiert. Unsere Produkte zeichnen sich durch eine robuste Konstruktion und einen besonders langlebigen Einsatz aus. F\u00fcr den Fahrzeugbau stehen auf unserem Betriebsgel\u00e4nde in M\u00fclheim rund 1.000 qm zur Verf\u00fcgung. Modernste Anlagen und Maschinen sorgen f\u00fcr schnelle Arbeiten auf h\u00f6chstem Qualit\u00e4tsniveau.<\/p>\n<p>Wir bieten Ihnen z.B. Voll-Alu-Anh\u00e4nger in allen Ausf\u00fchrungen mit Normal- und Niedrig-Bereifung, mit Koffer- oder Planenaufbau, als Einzel-, Doppel- oder Dreiachser, mit Sonderkonstruktionen in Aluminium, mit Kipphydraulik und v.a.m.<\/p>\n<\/div><\/section><\/p><\/div><div class=\"flex_column av_one_third  flex_column_div av-zero-column-padding   \" style='border-radius:0px; '><p><div style='padding-bottom:0px; font-size:20px;' class='av-special-heading av-special-heading-h3  blockquote modern-quote   av-inherit-size '><h3 class='av-special-heading-tag '  itemprop=\"headline\"  >Wir sind f\u00fcr Sie da<\/h3><div class='special-heading-border'><div class='special-heading-inner-border' ><\/div><\/div><\/div><br \/>\n<section class=\"av_textblock_section \"  itemscope=\"itemscope\" itemtype=\"https:\/\/schema.org\/CreativeWork\" ><div class='avia_textblock  '   itemprop=\"text\" ><p><span style=\"font-family: 'arial black', sans-serif;\"><em><strong>Auto-Obermann GmbH<\/strong><\/em><\/span><\/p>\n<p>H\u00e4nflingstra\u00dfe 15-17<br \/>\n45472 M\u00fclheim an der Ruhr<br \/>\nFon +49 (0) 2 08 &#8211; 99 33 70<br \/>\nFax +49 (0) 2 08 &#8211; 99 33 72 5<br \/>\nwww.auto-obermann.de<\/p>\n<p><span style=\"color: #ff0000;\">Neue \u00d6ffnungszeiten<\/span><\/p>\n<p><span style=\"color: #ff0000;\">Betriebsferien<\/span><\/p>\n<p><span style=\"color: #ff0000;\">vom 24.08.2026 bis 05.09<\/span><span style=\"color: #ff0000;\">.2026<\/span><\/p>\n<p>Montag bis Freitag<\/p>\n<table class=\"art-article\">\n<tbody>\n<tr>\n<td>Werkstatt<\/td>\n<td>08.00 &#8211; 12.00 Uhr<\/p>\n<p>13.00 &#8211; 17.00 Uhr<\/td>\n<\/tr>\n<tr>\n<td>Verkauf<\/td>\n<td>09.00 &#8211; 18.00 Uhr<\/td>\n<\/tr>\n<\/tbody>\n<\/table>\n<p>Samstag<\/p>\n<table class=\"art-article\">\n<tbody>\n<tr>\n<td>Werkstatt<\/td>\n<td>07.00 &#8211; 12.00 Uhr<\/td>\n<\/tr>\n<tr>\n<td>Verkauf<\/td>\n<td>09.00 &#8211; 14.00 Uhr<\/td>\n<\/tr>\n<\/tbody>\n<\/table>\n<\/div><\/section><\/p><\/div><\/div><\/div><\/div><!-- close content main div --><\/div><\/div><div id='after_section_1' class='main_color av_default_container_wrap container_wrap sidebar_right'   ><div class='container' ><div class='template-page content  av-content-small alpha units'><div class='post-entry post-entry-type-page post-entry-1459'><div class='entry-content-wrapper clearfix'>\n","protected":false},"excerpt":{"rendered":"","protected":false},"author":1,"featured_media":0,"parent":0,"menu_order":0,"comment_status":"closed","ping_status":"closed","template":"","meta":[],"_links":{"self":[{"href":"https:\/\/auto-obermann.com\/word\/wp-json\/wp\/v2\/pages\/1459"}],"collection":[{"href":"https:\/\/auto-obermann.com\/word\/wp-json\/wp\/v2\/pages"}],"about":[{"href":"https:\/\/auto-obermann.com\/word\/wp-json\/wp\/v2\/types\/page"}],"author":[{"embeddable":true,"href":"https:\/\/auto-obermann.com\/word\/wp-json\/wp\/v2\/users\/1"}],"replies":[{"embeddable":true,"href":"https:\/\/auto-obermann.com\/word\/wp-json\/wp\/v2\/comments?post=1459"}],"version-history":[{"count":10,"href":"https:\/\/auto-obermann.com\/word\/wp-json\/wp\/v2\/pages\/1459\/revisions"}],"predecessor-version":[{"id":1965,"href":"https:\/\/auto-obermann.com\/word\/wp-json\/wp\/v2\/pages\/1459\/revisions\/1965"}],"wp:attachment":[{"href":"https:\/\/auto-obermann.com\/word\/wp-json\/wp\/v2\/media?parent=1459"}],"curies":[{"name":"wp","href":"https:\/\/api.w.org\/{rel}","templated":true}]}}